{"id":1561,"date":"2023-08-14T19:14:33","date_gmt":"2023-08-14T17:14:33","guid":{"rendered":"https:\/\/med.revitacareacademy.com\/traitement-de-la-joue-mediane-avec-revitafill-essential-2\/"},"modified":"2023-08-17T18:51:02","modified_gmt":"2023-08-17T16:51:02","slug":"traitement-de-la-joue-mediane-avec-revitafill-essential-2","status":"publish","type":"page","link":"https:\/\/med.revitacareacademy.com\/fr\/traitement-de-la-joue-mediane-avec-revitafill-essential-2\/","title":{"rendered":"Traitement de la joue m\u00e9diane avec REVITAFILL Essential 2"},"content":{"rendered":"<div class=\"swpm-post-not-logged-in-msg\">You need to be logged in to view this content. Veuillez <a class=\"swpm-login-link\" href=\"https:\/\/med.revitacareacademy.com\/\">Log In<\/a>. Not a Member? <a href=\"https:\/\/www.revitacareacademy.com\/\">Nous Rejoindre<\/a><\/div>","protected":false},"excerpt":{"rendered":"<p>Traitement de la joue m\u00e9diane avec REVITAFILL Essentiel 2Traitement de la joue m\u00e9diane avec REVITAFILL Essential 2Traitement de la joue m\u00e9diane avec REVITAFILL Essential 2. Herv\u00e9 S. Padey, stomatologue bas\u00e9 [&hellip;]<\/p>\n","protected":false},"author":1,"featured_media":0,"parent":0,"menu_order":0,"comment_status":"closed","ping_status":"closed","template":"","meta":{"_et_pb_use_builder":"on","_et_pb_old_content":"","_et_gb_content_width":"","footnotes":""},"class_list":["post-1561","page","type-page","status-publish","hentry"],"yoast_head":"<!-- This site is optimized with the Yoast SEO plugin v23.8 - https:\/\/yoast.com\/wordpress\/plugins\/seo\/ -->\n<title>Traitement de la joue m\u00e9diane avec REVITAFILL Essential 2 - MED ACADEMY<\/title>\n<meta name=\"robots\" content=\"index, follow, max-snippet:-1, max-image-preview:large, max-video-preview:-1\" \/>\n<link rel=\"canonical\" href=\"https:\/\/med.revitacareacademy.com\/fr\/traitement-de-la-joue-mediane-avec-revitafill-essential-2\/\" \/>\n<meta property=\"og:locale\" content=\"fr_FR\" \/>\n<meta property=\"og:type\" content=\"article\" \/>\n<meta property=\"og:title\" content=\"Traitement de la joue m\u00e9diane avec REVITAFILL Essential 2 - MED ACADEMY\" \/>\n<meta property=\"og:description\" content=\"Traitement de la joue m\u00e9diane avec REVITAFILL Essentiel 2Traitement de la joue m\u00e9diane avec REVITAFILL Essential 2Traitement de la joue m\u00e9diane avec REVITAFILL Essential 2. Herv\u00e9 S. Padey, stomatologue bas\u00e9 [&hellip;]\" \/>\n<meta property=\"og:url\" content=\"https:\/\/med.revitacareacademy.com\/fr\/traitement-de-la-joue-mediane-avec-revitafill-essential-2\/\" \/>\n<meta property=\"og:site_name\" content=\"MED ACADEMY\" \/>\n<meta property=\"article:modified_time\" content=\"2023-08-17T16:51:02+00:00\" \/>\n<meta name=\"twitter:card\" content=\"summary_large_image\" \/>\n<meta name=\"twitter:label1\" content=\"Dur\u00e9e de lecture estim\u00e9e\" \/>\n\t<meta name=\"twitter:data1\" content=\"4 minutes\" \/>\n<script type=\"application\/ld+json\" class=\"yoast-schema-graph\">{\"@context\":\"https:\/\/schema.org\",\"@graph\":[{\"@type\":\"WebPage\",\"@id\":\"https:\/\/med.revitacareacademy.com\/fr\/traitement-de-la-joue-mediane-avec-revitafill-essential-2\/\",\"url\":\"https:\/\/med.revitacareacademy.com\/fr\/traitement-de-la-joue-mediane-avec-revitafill-essential-2\/\",\"name\":\"Traitement de la joue m\u00e9diane avec REVITAFILL Essential 2 - MED ACADEMY\",\"isPartOf\":{\"@id\":\"https:\/\/med.revitacareacademy.com\/fr\/#website\"},\"datePublished\":\"2023-08-14T17:14:33+00:00\",\"dateModified\":\"2023-08-17T16:51:02+00:00\",\"breadcrumb\":{\"@id\":\"https:\/\/med.revitacareacademy.com\/fr\/traitement-de-la-joue-mediane-avec-revitafill-essential-2\/#breadcrumb\"},\"inLanguage\":\"fr-FR\",\"potentialAction\":[{\"@type\":\"ReadAction\",\"target\":[\"https:\/\/med.revitacareacademy.com\/fr\/traitement-de-la-joue-mediane-avec-revitafill-essential-2\/\"]}]},{\"@type\":\"BreadcrumbList\",\"@id\":\"https:\/\/med.revitacareacademy.com\/fr\/traitement-de-la-joue-mediane-avec-revitafill-essential-2\/#breadcrumb\",\"itemListElement\":[{\"@type\":\"ListItem\",\"position\":1,\"name\":\"Accueil\",\"item\":\"https:\/\/med.revitacareacademy.com\/fr\/\"},{\"@type\":\"ListItem\",\"position\":2,\"name\":\"Traitement de la joue m\u00e9diane avec REVITAFILL Essential 2\"}]},{\"@type\":\"WebSite\",\"@id\":\"https:\/\/med.revitacareacademy.com\/fr\/#website\",\"url\":\"https:\/\/med.revitacareacademy.com\/fr\/\",\"name\":\"MED ACADEMY\",\"description\":\"Welcome to the Med Academy by Revitacare\",\"potentialAction\":[{\"@type\":\"SearchAction\",\"target\":{\"@type\":\"EntryPoint\",\"urlTemplate\":\"https:\/\/med.revitacareacademy.com\/fr\/?s={search_term_string}\"},\"query-input\":{\"@type\":\"PropertyValueSpecification\",\"valueRequired\":true,\"valueName\":\"search_term_string\"}}],\"inLanguage\":\"fr-FR\"}]}<\/script>\n<!-- \/ Yoast SEO plugin. -->","yoast_head_json":{"title":"Traitement de la joue m\u00e9diane avec REVITAFILL Essential 2 - MED ACADEMY","robots":{"index":"index","follow":"follow","max-snippet":"max-snippet:-1","max-image-preview":"max-image-preview:large","max-video-preview":"max-video-preview:-1"},"canonical":"https:\/\/med.revitacareacademy.com\/fr\/traitement-de-la-joue-mediane-avec-revitafill-essential-2\/","og_locale":"fr_FR","og_type":"article","og_title":"Traitement de la joue m\u00e9diane avec REVITAFILL Essential 2 - MED ACADEMY","og_description":"Traitement de la joue m\u00e9diane avec REVITAFILL Essentiel 2Traitement de la joue m\u00e9diane avec REVITAFILL Essential 2Traitement de la joue m\u00e9diane avec REVITAFILL Essential 2. Herv\u00e9 S. Padey, stomatologue bas\u00e9 [&hellip;]","og_url":"https:\/\/med.revitacareacademy.com\/fr\/traitement-de-la-joue-mediane-avec-revitafill-essential-2\/","og_site_name":"MED ACADEMY","article_modified_time":"2023-08-17T16:51:02+00:00","twitter_card":"summary_large_image","twitter_misc":{"Dur\u00e9e de lecture estim\u00e9e":"4 minutes"},"schema":{"@context":"https:\/\/schema.org","@graph":[{"@type":"WebPage","@id":"https:\/\/med.revitacareacademy.com\/fr\/traitement-de-la-joue-mediane-avec-revitafill-essential-2\/","url":"https:\/\/med.revitacareacademy.com\/fr\/traitement-de-la-joue-mediane-avec-revitafill-essential-2\/","name":"Traitement de la joue m\u00e9diane avec REVITAFILL Essential 2 - MED ACADEMY","isPartOf":{"@id":"https:\/\/med.revitacareacademy.com\/fr\/#website"},"datePublished":"2023-08-14T17:14:33+00:00","dateModified":"2023-08-17T16:51:02+00:00","breadcrumb":{"@id":"https:\/\/med.revitacareacademy.com\/fr\/traitement-de-la-joue-mediane-avec-revitafill-essential-2\/#breadcrumb"},"inLanguage":"fr-FR","potentialAction":[{"@type":"ReadAction","target":["https:\/\/med.revitacareacademy.com\/fr\/traitement-de-la-joue-mediane-avec-revitafill-essential-2\/"]}]},{"@type":"BreadcrumbList","@id":"https:\/\/med.revitacareacademy.com\/fr\/traitement-de-la-joue-mediane-avec-revitafill-essential-2\/#breadcrumb","itemListElement":[{"@type":"ListItem","position":1,"name":"Accueil","item":"https:\/\/med.revitacareacademy.com\/fr\/"},{"@type":"ListItem","position":2,"name":"Traitement de la joue m\u00e9diane avec REVITAFILL Essential 2"}]},{"@type":"WebSite","@id":"https:\/\/med.revitacareacademy.com\/fr\/#website","url":"https:\/\/med.revitacareacademy.com\/fr\/","name":"MED ACADEMY","description":"Welcome to the Med Academy by Revitacare","potentialAction":[{"@type":"SearchAction","target":{"@type":"EntryPoint","urlTemplate":"https:\/\/med.revitacareacademy.com\/fr\/?s={search_term_string}"},"query-input":{"@type":"PropertyValueSpecification","valueRequired":true,"valueName":"search_term_string"}}],"inLanguage":"fr-FR"}]}},"_links":{"self":[{"href":"https:\/\/med.revitacareacademy.com\/fr\/wp-json\/wp\/v2\/pages\/1561","targetHints":{"allow":["GET"]}}],"collection":[{"href":"https:\/\/med.revitacareacademy.com\/fr\/wp-json\/wp\/v2\/pages"}],"about":[{"href":"https:\/\/med.revitacareacademy.com\/fr\/wp-json\/wp\/v2\/types\/page"}],"author":[{"embeddable":true,"href":"https:\/\/med.revitacareacademy.com\/fr\/wp-json\/wp\/v2\/users\/1"}],"replies":[{"embeddable":true,"href":"https:\/\/med.revitacareacademy.com\/fr\/wp-json\/wp\/v2\/comments?post=1561"}],"version-history":[{"count":3,"href":"https:\/\/med.revitacareacademy.com\/fr\/wp-json\/wp\/v2\/pages\/1561\/revisions"}],"predecessor-version":[{"id":1578,"href":"https:\/\/med.revitacareacademy.com\/fr\/wp-json\/wp\/v2\/pages\/1561\/revisions\/1578"}],"wp:attachment":[{"href":"https:\/\/med.revitacareacademy.com\/fr\/wp-json\/wp\/v2\/media?parent=1561"}],"curies":[{"name":"wp","href":"https:\/\/api.w.org\/{rel}","templated":true}]}}