{"id":820,"date":"2022-05-31T12:09:12","date_gmt":"2022-05-31T10:09:12","guid":{"rendered":"https:\/\/med.revitacareacademy.com\/brochure-patient-cytocare\/"},"modified":"2022-06-14T09:25:27","modified_gmt":"2022-06-14T07:25:27","slug":"brochure-patient-cytocare","status":"publish","type":"page","link":"https:\/\/med.revitacareacademy.com\/fr\/brochure-patient-cytocare\/","title":{"rendered":"Brochure patient Cytocare PDF"},"content":{"rendered":"<div class=\"swpm-post-not-logged-in-msg\">You need to be logged in to view this content. Veuillez <a class=\"swpm-login-link\" href=\"https:\/\/med.revitacareacademy.com\/\">Log In<\/a>. Not a Member? <a href=\"https:\/\/www.revitacareacademy.com\/\">Nous Rejoindre<\/a><\/div>","protected":false},"excerpt":{"rendered":"<p>BROCHURE PATIENT CYTOCARE<a href=\"\/fr\/?pdfemb-serveurl=https%3A%2F%2Fmed.revitacareacademy.com%2Fwp-content%2Fuploads%2Fsecurepdfs%2F2022%2F06%2FCytocare-Patient-Brochure.pdf\" class=\"pdfemb-viewer\" style=\"height: 500px; \" data-width=\"max\" data-height=\"500\" data-mobile-width=\"400\"  data-scrollbar=\"vertical\" data-download=\"off\" data-tracking=\"on\" data-newwindow=\"on\" data-pagetextbox=\"off\" data-scrolltotop=\"on\" data-startzoom=\"100\" data-startfpzoom=\"100\" data-download-nonce=\"f37b9c4ca3\" data-disablerightclick=\"on\" data-toolbar=\"top\" data-toolbar-fixed=\"off\">Cytocare-Patient-Brochure<br\/><\/a>WEBINAIRESSUPPORTS MULTIM\u00c9DIA\u00c9V\u00c8NEMENTSNOUS CONTACTERMON COMPTEPolitique de confidentialit\u00e9CookiesMentions l\u00e9galesCGU<\/p>\n","protected":false},"author":1,"featured_media":0,"parent":0,"menu_order":0,"comment_status":"closed","ping_status":"closed","template":"","meta":{"_et_pb_use_builder":"on","_et_pb_old_content":"","_et_gb_content_width":"","footnotes":""},"class_list":["post-820","page","type-page","status-publish","hentry"],"yoast_head":"<!-- This site is optimized with the Yoast SEO plugin v23.8 - https:\/\/yoast.com\/wordpress\/plugins\/seo\/ -->\n<title>Brochure patient Cytocare PDF - MED ACADEMY<\/title>\n<meta name=\"robots\" content=\"index, follow, max-snippet:-1, max-image-preview:large, max-video-preview:-1\" \/>\n<link rel=\"canonical\" href=\"https:\/\/med.revitacareacademy.com\/fr\/brochure-patient-cytocare\/\" \/>\n<meta property=\"og:locale\" content=\"fr_FR\" \/>\n<meta property=\"og:type\" content=\"article\" \/>\n<meta property=\"og:title\" content=\"Brochure patient Cytocare PDF - MED ACADEMY\" \/>\n<meta property=\"og:description\" content=\"BROCHURE PATIENT CYTOCAREWEBINAIRESSUPPORTS MULTIM\u00c9DIA\u00c9V\u00c8NEMENTSNOUS CONTACTERMON COMPTEPolitique de confidentialit\u00e9CookiesMentions l\u00e9galesCGU\" \/>\n<meta property=\"og:url\" content=\"https:\/\/med.revitacareacademy.com\/fr\/brochure-patient-cytocare\/\" \/>\n<meta property=\"og:site_name\" content=\"MED ACADEMY\" \/>\n<meta property=\"article:modified_time\" content=\"2022-06-14T07:25:27+00:00\" \/>\n<meta name=\"twitter:card\" content=\"summary_large_image\" \/>\n<meta name=\"twitter:label1\" content=\"Dur\u00e9e de lecture estim\u00e9e\" \/>\n\t<meta name=\"twitter:data1\" content=\"3 minutes\" \/>\n<script type=\"application\/ld+json\" class=\"yoast-schema-graph\">{\"@context\":\"https:\/\/schema.org\",\"@graph\":[{\"@type\":\"WebPage\",\"@id\":\"https:\/\/med.revitacareacademy.com\/fr\/brochure-patient-cytocare\/\",\"url\":\"https:\/\/med.revitacareacademy.com\/fr\/brochure-patient-cytocare\/\",\"name\":\"Brochure patient Cytocare PDF - MED ACADEMY\",\"isPartOf\":{\"@id\":\"https:\/\/med.revitacareacademy.com\/fr\/#website\"},\"datePublished\":\"2022-05-31T10:09:12+00:00\",\"dateModified\":\"2022-06-14T07:25:27+00:00\",\"breadcrumb\":{\"@id\":\"https:\/\/med.revitacareacademy.com\/fr\/brochure-patient-cytocare\/#breadcrumb\"},\"inLanguage\":\"fr-FR\",\"potentialAction\":[{\"@type\":\"ReadAction\",\"target\":[\"https:\/\/med.revitacareacademy.com\/fr\/brochure-patient-cytocare\/\"]}]},{\"@type\":\"BreadcrumbList\",\"@id\":\"https:\/\/med.revitacareacademy.com\/fr\/brochure-patient-cytocare\/#breadcrumb\",\"itemListElement\":[{\"@type\":\"ListItem\",\"position\":1,\"name\":\"Accueil\",\"item\":\"https:\/\/med.revitacareacademy.com\/fr\/\"},{\"@type\":\"ListItem\",\"position\":2,\"name\":\"Brochure patient Cytocare PDF\"}]},{\"@type\":\"WebSite\",\"@id\":\"https:\/\/med.revitacareacademy.com\/fr\/#website\",\"url\":\"https:\/\/med.revitacareacademy.com\/fr\/\",\"name\":\"MED ACADEMY\",\"description\":\"Welcome to the Med Academy by Revitacare\",\"potentialAction\":[{\"@type\":\"SearchAction\",\"target\":{\"@type\":\"EntryPoint\",\"urlTemplate\":\"https:\/\/med.revitacareacademy.com\/fr\/?s={search_term_string}\"},\"query-input\":{\"@type\":\"PropertyValueSpecification\",\"valueRequired\":true,\"valueName\":\"search_term_string\"}}],\"inLanguage\":\"fr-FR\"}]}<\/script>\n<!-- \/ Yoast SEO plugin. -->","yoast_head_json":{"title":"Brochure patient Cytocare PDF - MED ACADEMY","robots":{"index":"index","follow":"follow","max-snippet":"max-snippet:-1","max-image-preview":"max-image-preview:large","max-video-preview":"max-video-preview:-1"},"canonical":"https:\/\/med.revitacareacademy.com\/fr\/brochure-patient-cytocare\/","og_locale":"fr_FR","og_type":"article","og_title":"Brochure patient Cytocare PDF - MED ACADEMY","og_description":"BROCHURE PATIENT CYTOCAREWEBINAIRESSUPPORTS MULTIM\u00c9DIA\u00c9V\u00c8NEMENTSNOUS CONTACTERMON COMPTEPolitique de confidentialit\u00e9CookiesMentions l\u00e9galesCGU","og_url":"https:\/\/med.revitacareacademy.com\/fr\/brochure-patient-cytocare\/","og_site_name":"MED ACADEMY","article_modified_time":"2022-06-14T07:25:27+00:00","twitter_card":"summary_large_image","twitter_misc":{"Dur\u00e9e de lecture estim\u00e9e":"3 minutes"},"schema":{"@context":"https:\/\/schema.org","@graph":[{"@type":"WebPage","@id":"https:\/\/med.revitacareacademy.com\/fr\/brochure-patient-cytocare\/","url":"https:\/\/med.revitacareacademy.com\/fr\/brochure-patient-cytocare\/","name":"Brochure patient Cytocare PDF - MED ACADEMY","isPartOf":{"@id":"https:\/\/med.revitacareacademy.com\/fr\/#website"},"datePublished":"2022-05-31T10:09:12+00:00","dateModified":"2022-06-14T07:25:27+00:00","breadcrumb":{"@id":"https:\/\/med.revitacareacademy.com\/fr\/brochure-patient-cytocare\/#breadcrumb"},"inLanguage":"fr-FR","potentialAction":[{"@type":"ReadAction","target":["https:\/\/med.revitacareacademy.com\/fr\/brochure-patient-cytocare\/"]}]},{"@type":"BreadcrumbList","@id":"https:\/\/med.revitacareacademy.com\/fr\/brochure-patient-cytocare\/#breadcrumb","itemListElement":[{"@type":"ListItem","position":1,"name":"Accueil","item":"https:\/\/med.revitacareacademy.com\/fr\/"},{"@type":"ListItem","position":2,"name":"Brochure patient Cytocare PDF"}]},{"@type":"WebSite","@id":"https:\/\/med.revitacareacademy.com\/fr\/#website","url":"https:\/\/med.revitacareacademy.com\/fr\/","name":"MED ACADEMY","description":"Welcome to the Med Academy by Revitacare","potentialAction":[{"@type":"SearchAction","target":{"@type":"EntryPoint","urlTemplate":"https:\/\/med.revitacareacademy.com\/fr\/?s={search_term_string}"},"query-input":{"@type":"PropertyValueSpecification","valueRequired":true,"valueName":"search_term_string"}}],"inLanguage":"fr-FR"}]}},"_links":{"self":[{"href":"https:\/\/med.revitacareacademy.com\/fr\/wp-json\/wp\/v2\/pages\/820","targetHints":{"allow":["GET"]}}],"collection":[{"href":"https:\/\/med.revitacareacademy.com\/fr\/wp-json\/wp\/v2\/pages"}],"about":[{"href":"https:\/\/med.revitacareacademy.com\/fr\/wp-json\/wp\/v2\/types\/page"}],"author":[{"embeddable":true,"href":"https:\/\/med.revitacareacademy.com\/fr\/wp-json\/wp\/v2\/users\/1"}],"replies":[{"embeddable":true,"href":"https:\/\/med.revitacareacademy.com\/fr\/wp-json\/wp\/v2\/comments?post=820"}],"version-history":[{"count":12,"href":"https:\/\/med.revitacareacademy.com\/fr\/wp-json\/wp\/v2\/pages\/820\/revisions"}],"predecessor-version":[{"id":995,"href":"https:\/\/med.revitacareacademy.com\/fr\/wp-json\/wp\/v2\/pages\/820\/revisions\/995"}],"wp:attachment":[{"href":"https:\/\/med.revitacareacademy.com\/fr\/wp-json\/wp\/v2\/media?parent=820"}],"curies":[{"name":"wp","href":"https:\/\/api.w.org\/{rel}","templated":true}]}}